{"id":263,"date":"2019-01-08T11:43:29","date_gmt":"2019-01-08T11:43:29","guid":{"rendered":"https:\/\/fornit.pl\/?page_id=263"},"modified":"2019-01-08T11:43:29","modified_gmt":"2019-01-08T11:43:29","slug":"projektowanie","status":"publish","type":"page","link":"https:\/\/wojt.you2.pl\/index.php\/technologie\/projektowanie\/","title":{"rendered":"Projektowanie"},"content":{"rendered":"<p>[vc_row full_width=&quot;stretch_row&quot; full_height=&quot;yes&quot; bg_type=&quot;image&quot; parallax_style=&quot;vcpb-default&quot; bg_image_new=&quot;id^785|url^https:\/\/wojt.you2.pl\/wp-content\/uploads\/2019\/04\/fornit-projetkowanie-mebli.jpg|caption^null|alt^null|title^fornit-projetkowanie-mebli|description^null&quot; bg_image_repeat=&quot;no-repeat&quot;][vc_column][vc_custom_heading source=&quot;post_title&quot; font_container=&quot;tag:h1|text_align:left|color:%23ffffff&quot; use_theme_fonts=&quot;yes&quot; link=&quot;|||&quot; css=&quot;.vc_custom_1553854451933{padding-top: 20px !important;padding-right: 15px !important;padding-bottom: 20px !important;padding-left: 15px !important;background-color: rgba(37,51,112,0.9) !important;*background-color: rgb(37,51,112) !important;}&quot; el_class=&quot;naglowek&quot;][\/vc_column][\/vc_row][vc_row][vc_column][vc_column_text css=&quot;.vc_custom_1556879605393{padding-top: 100px !important;padding-bottom: 100px !important;}&quot;]<\/p>\n<h3 style=\"text-align: left;\">Na podstawie dostarczonych materia\u0142\u00f3w, takich jak rysunki odr\u0119czne, renderingi lub opisy, nasze biuro projektowe opracowuje projekty wykonawcze (nazywane r\u00f3wnie\u017c warsztatowymi). Do wykonania projektu wykorzystujemy zaawansowane narz\u0119dzia programistyczne, pozwalaj\u0105ce na tworzenie modeli 3D, z uwzgl\u0119dnieniem poszczeg\u00f3lnych element\u00f3w sk\u0142adowych oraz wykorzystywane technologie.<\/h3>\n<p>[\/vc_column_text][vc_row_inner][vc_column_inner width=&#8221;2\/3&#8243;][vc_single_image image=&#8221;345&#8243; img_size=&#8221;full&#8221; alignment=&#8221;center&#8221;][\/vc_column_inner][vc_column_inner width=&#8221;1\/3&#8243;][vc_column_text]<\/p>\n<h4 style=\"text-align: left;\">Dzi\u0119ki zastosowaniu postprocesor\u00f3w dopasowanych do naszych maszyn, z projektu mo\u017cemy uzyska\u0107 gotowe programy steruj\u0105ce maszynami oraz wszystkie niezb\u0119dne dane do dalszej obr\u00f3bki jak np. lista element\u00f3w, kt\u00f3ra w kolejnym etapie zostaje poddana wielowymiarowej optymalizacji.<\/h4>\n<p>[\/vc_column_text][\/vc_column_inner][\/vc_row_inner][\/vc_column][\/vc_row][vc_row css=&#8221;.vc_custom_1546949151501{margin-top: 120px !important;}&#8221;][vc_column][vc_raw_html]JTNDaWZyYW1lJTIwd2lkdGglM0QlMjIxMjAwJTIyJTIwaGVpZ2h0JTNEJTIyNjc1JTIyJTIwc3JjJTNEJTIyaHR0cHMlM0ElMkYlMkZ3d3cueW91dHViZS5jb20lMkZlbWJlZCUyRlpIcERFSzNnUEhjJTIyJTIwdGl0bGUlM0QlMjJZb3VUdWJlJTIwdmlkZW8lMjBwbGF5ZXIlMjIlMjBmcmFtZWJvcmRlciUzRCUyMjAlMjIlMjBhbGxvdyUzRCUyMmFjY2VsZXJvbWV0ZXIlM0IlMjBhdXRvcGxheSUzQiUyMGNsaXBib2FyZC13cml0ZSUzQiUyMGVuY3J5cHRlZC1tZWRpYSUzQiUyMGd5cm9zY29wZSUzQiUyMHBpY3R1cmUtaW4tcGljdHVyZSUyMiUyMGFsbG93ZnVsbHNjcmVlbiUzRSUzQyUyRmlmcmFtZSUzRQ==[\/vc_raw_html][\/vc_column][\/vc_row]<\/p>\n","protected":false},"excerpt":{"rendered":"<p>[vc_row full_width=&quot;stretch_row&quot; full_height=&quot;yes&quot; bg_type=&quot;image&quot; parallax_style=&quot;vcpb-default&quot; bg_image_new=&quot;id^785|url^https:\/\/wojt.you2.pl\/wp-content\/uploads\/2019\/04\/fornit-projetkowanie-mebli.jpg|caption^null|alt^null|title^fornit-projetkowanie-mebli|description^null&quot; bg_image_repeat=&quot;no-repeat&quot;][vc_column][vc_custom_heading source=&quot;post_title&quot; font_container=&quot;tag:h1|text_align:left|color:%23ffffff&quot; use_theme_fonts=&quot;yes&quot; link=&quot;|||&quot; css=&quot;.vc_custom_1553854451933{padding-top: 20px !important;padding-right: 15px !important;padding-bottom: 20px !important;padding-left: 15px !important;background-color: rgba(37,51,112,0.9) !important;*background-color: rgb(37,51,112) !important;}&quot; el_class=&quot;naglowek&quot;][\/vc_column][\/vc_row][vc_row][vc_column][vc_column_text css=&quot;.vc_custom_1556879605393{padding-top: 100px !important;padding-bottom: 100px !important;}&quot;] Na podstawie dostarczonych materia\u0142\u00f3w, takich jak rysunki odr\u0119czne, renderingi lub opisy, nasze biuro projektowe opracowuje projekty wykonawcze (nazywane r\u00f3wnie\u017c warsztatowymi). Do wykonania projektu wykorzystujemy zaawansowane&hellip;<\/p>\n","protected":false},"author":2,"featured_media":0,"parent":103,"menu_order":0,"comment_status":"closed","ping_status":"closed","template":"","meta":{"footnotes":""},"class_list":["post-263","page","type-page","status-publish","hentry","description-off"],"_links":{"self":[{"href":"https:\/\/wojt.you2.pl\/index.php\/wp-json\/wp\/v2\/pages\/263","targetHints":{"allow":["GET"]}}],"collection":[{"href":"https:\/\/wojt.you2.pl\/index.php\/wp-json\/wp\/v2\/pages"}],"about":[{"href":"https:\/\/wojt.you2.pl\/index.php\/wp-json\/wp\/v2\/types\/page"}],"author":[{"embeddable":true,"href":"https:\/\/wojt.you2.pl\/index.php\/wp-json\/wp\/v2\/users\/2"}],"replies":[{"embeddable":true,"href":"https:\/\/wojt.you2.pl\/index.php\/wp-json\/wp\/v2\/comments?post=263"}],"version-history":[{"count":0,"href":"https:\/\/wojt.you2.pl\/index.php\/wp-json\/wp\/v2\/pages\/263\/revisions"}],"up":[{"embeddable":true,"href":"https:\/\/wojt.you2.pl\/index.php\/wp-json\/wp\/v2\/pages\/103"}],"wp:attachment":[{"href":"https:\/\/wojt.you2.pl\/index.php\/wp-json\/wp\/v2\/media?parent=263"}],"curies":[{"name":"wp","href":"https:\/\/api.w.org\/{rel}","templated":true}]}}