{"id":335,"date":"2019-03-29T10:16:15","date_gmt":"2019-03-29T10:16:15","guid":{"rendered":"https:\/\/fornit.pl\/?page_id=335"},"modified":"2019-03-29T10:16:15","modified_gmt":"2019-03-29T10:16:15","slug":"wiercenie","status":"publish","type":"page","link":"https:\/\/wojt.you2.pl\/index.php\/technologie\/wiercenie\/","title":{"rendered":"Wiercenie"},"content":{"rendered":"<p>[vc_row full_width=&quot;stretch_row&quot; full_height=&quot;yes&quot; bg_type=&quot;image&quot; parallax_style=&quot;vcpb-default&quot; bg_image_new=&quot;id^326|url^https:\/\/wojt.you2.pl\/wp-content\/uploads\/2019\/03\/wiercenie-otworow.jpg|caption^null|alt^null|title^wiercenie-otworow|description^null&quot; bg_image_repeat=&quot;no-repeat&quot;][vc_column][vc_custom_heading source=&quot;post_title&quot; font_container=&quot;tag:h1|text_align:left|color:%23ffffff&quot; use_theme_fonts=&quot;yes&quot; link=&quot;|||&quot; css=&quot;.vc_custom_1553854451933{padding-top: 20px !important;padding-right: 15px !important;padding-bottom: 20px !important;padding-left: 15px !important;background-color: rgba(37,51,112,0.9) !important;*background-color: rgb(37,51,112) !important;}&quot; el_class=&quot;naglowek&quot;][\/vc_column][\/vc_row][vc_row][vc_column][vc_column_text css=&quot;.vc_custom_1556876745529{padding-top: 100px !important;padding-bottom: 100px !important;}&quot;]<\/p>\n<h3 style=\"text-align: left;\">Wykonywanie otwor\u00f3w monta\u017cowych musi by\u0107 szybkie i r\u00f3wnocze\u015bnie bardzo precyzyjne, dlatego wi\u0119kszo\u015b\u0107 z nich wykonujemy na centrach obr\u00f3bczych sterowanych numerycznie. Nasze maszyny wierc\u0105ce wyposa\u017cyli\u015bmy w dodatkowy zestaw czujnik\u00f3w, dzi\u0119ki czemu posiadamy dwa punkty referencyjne, a oprogramowanie maszyny pozwala zniwelowa\u0107 niedok\u0142adno\u015bci wynikaj\u0105ce z napr\u0119\u017ce\u0144 wewn\u0119trznych materia\u0142u.<\/h3>\n<p>[\/vc_column_text][vc_row_inner][vc_column_inner width=&#8221;2\/3&#8243;][vc_single_image image=&#8221;107&#8243; img_size=&#8221;full&#8221; alignment=&#8221;center&#8221;][\/vc_column_inner][vc_column_inner width=&#8221;1\/3&#8243;][vc_column_text]<\/p>\n<h4 style=\"text-align: left;\">Innymi s\u0142owy, je\u017celi bok szafy po wyci\u0119ciu, a przed wierceniem skurczy si\u0119 albo wyd\u0142u\u017cy, zostanie nawiercony tak, \u017ce po z\u0142o\u017ceniu poziome elementy b\u0119d\u0105 licowa\u0107 si\u0119 z kantem boku. W celu zwi\u0119kszenia efektywno\u015bci prac bezpo\u015brednio po wierceniu stosowane s\u0105 automaty, kt\u00f3re osadzaj\u0105 podstawowe elementy monta\u017cowe.<\/h4>\n<p>[\/vc_column_text][\/vc_column_inner][\/vc_row_inner][\/vc_column][\/vc_row][vc_row css=&#8221;.vc_custom_1553854884476{margin-top: 120px !important;}&#8221;][vc_column][vc_raw_html]JTNDaWZyYW1lJTIwd2lkdGglM0QlMjIxMjAwJTIyJTIwaGVpZ2h0JTNEJTIyNjc1JTIyJTIwc3JjJTNEJTIyaHR0cHMlM0ElMkYlMkZ3d3cueW91dHViZS5jb20lMkZlbWJlZCUyRk1lLV9HWHV1ZGVBJTIyJTIwdGl0bGUlM0QlMjJZb3VUdWJlJTIwdmlkZW8lMjBwbGF5ZXIlMjIlMjBmcmFtZWJvcmRlciUzRCUyMjAlMjIlMjBhbGxvdyUzRCUyMmFjY2VsZXJvbWV0ZXIlM0IlMjBhdXRvcGxheSUzQiUyMGNsaXBib2FyZC13cml0ZSUzQiUyMGVuY3J5cHRlZC1tZWRpYSUzQiUyMGd5cm9zY29wZSUzQiUyMHBpY3R1cmUtaW4tcGljdHVyZSUyMiUyMGFsbG93ZnVsbHNjcmVlbiUzRSUzQyUyRmlmcmFtZSUzRQ==[\/vc_raw_html][\/vc_column][\/vc_row]<\/p>\n","protected":false},"excerpt":{"rendered":"<p>[vc_row full_width=&quot;stretch_row&quot; full_height=&quot;yes&quot; bg_type=&quot;image&quot; parallax_style=&quot;vcpb-default&quot; bg_image_new=&quot;id^326|url^https:\/\/wojt.you2.pl\/wp-content\/uploads\/2019\/03\/wiercenie-otworow.jpg|caption^null|alt^null|title^wiercenie-otworow|description^null&quot; bg_image_repeat=&quot;no-repeat&quot;][vc_column][vc_custom_heading source=&quot;post_title&quot; font_container=&quot;tag:h1|text_align:left|color:%23ffffff&quot; use_theme_fonts=&quot;yes&quot; link=&quot;|||&quot; css=&quot;.vc_custom_1553854451933{padding-top: 20px !important;padding-right: 15px !important;padding-bottom: 20px !important;padding-left: 15px !important;background-color: rgba(37,51,112,0.9) !important;*background-color: rgb(37,51,112) !important;}&quot; el_class=&quot;naglowek&quot;][\/vc_column][\/vc_row][vc_row][vc_column][vc_column_text css=&quot;.vc_custom_1556876745529{padding-top: 100px !important;padding-bottom: 100px !important;}&quot;] Wykonywanie otwor\u00f3w monta\u017cowych musi by\u0107 szybkie i r\u00f3wnocze\u015bnie bardzo precyzyjne, dlatego wi\u0119kszo\u015b\u0107 z nich wykonujemy na centrach obr\u00f3bczych sterowanych numerycznie. Nasze maszyny wierc\u0105ce wyposa\u017cyli\u015bmy w&hellip;<\/p>\n","protected":false},"author":2,"featured_media":0,"parent":103,"menu_order":0,"comment_status":"closed","ping_status":"closed","template":"","meta":{"footnotes":""},"class_list":["post-335","page","type-page","status-publish","hentry","description-off"],"_links":{"self":[{"href":"https:\/\/wojt.you2.pl\/index.php\/wp-json\/wp\/v2\/pages\/335","targetHints":{"allow":["GET"]}}],"collection":[{"href":"https:\/\/wojt.you2.pl\/index.php\/wp-json\/wp\/v2\/pages"}],"about":[{"href":"https:\/\/wojt.you2.pl\/index.php\/wp-json\/wp\/v2\/types\/page"}],"author":[{"embeddable":true,"href":"https:\/\/wojt.you2.pl\/index.php\/wp-json\/wp\/v2\/users\/2"}],"replies":[{"embeddable":true,"href":"https:\/\/wojt.you2.pl\/index.php\/wp-json\/wp\/v2\/comments?post=335"}],"version-history":[{"count":0,"href":"https:\/\/wojt.you2.pl\/index.php\/wp-json\/wp\/v2\/pages\/335\/revisions"}],"up":[{"embeddable":true,"href":"https:\/\/wojt.you2.pl\/index.php\/wp-json\/wp\/v2\/pages\/103"}],"wp:attachment":[{"href":"https:\/\/wojt.you2.pl\/index.php\/wp-json\/wp\/v2\/media?parent=335"}],"curies":[{"name":"wp","href":"https:\/\/api.w.org\/{rel}","templated":true}]}}