{"id":342,"date":"2019-03-29T10:23:52","date_gmt":"2019-03-29T10:23:52","guid":{"rendered":"https:\/\/fornit.pl\/?page_id=342"},"modified":"2019-03-29T10:23:52","modified_gmt":"2019-03-29T10:23:52","slug":"formatowanie","status":"publish","type":"page","link":"https:\/\/wojt.you2.pl\/index.php\/technologie\/formatowanie\/","title":{"rendered":"Formatowanie \u2013 rozkr\u00f3j"},"content":{"rendered":"<p>[vc_row full_width=&quot;stretch_row&quot; full_height=&quot;yes&quot; bg_type=&quot;image&quot; parallax_style=&quot;vcpb-default&quot; bg_image_new=&quot;id^299|url^https:\/\/wojt.you2.pl\/wp-content\/uploads\/2019\/02\/formatowanie-plyt-mdf.jpg|caption^null|alt^null|title^formatowanie-plyt-mdf|description^null&quot; bg_image_repeat=&quot;no-repeat&quot;][vc_column][vc_custom_heading source=&quot;post_title&quot; font_container=&quot;tag:h1|text_align:left|color:%23ffffff&quot; use_theme_fonts=&quot;yes&quot; link=&quot;|||&quot; css=&quot;.vc_custom_1553854451933{padding-top: 20px !important;padding-right: 15px !important;padding-bottom: 20px !important;padding-left: 15px !important;background-color: rgba(37,51,112,0.9) !important;*background-color: rgb(37,51,112) !important;}&quot; el_class=&quot;naglowek&quot;][\/vc_column][\/vc_row][vc_row][vc_column][vc_column_text css=&quot;.vc_custom_1556876444995{padding-top: 100px !important;padding-bottom: 100px !important;}&quot;]<\/p>\n<h3 style=\"text-align: left;\">Rozkr\u00f3j p\u0142yt meblowych polega na ich docinaniu na konkretny wymiar. Aby zoptymalizowa\u0107 ilo\u015b\u0107 zu\u017cytych materia\u0142\u00f3w oraz czas realizacji, ka\u017cdy rozkr\u00f3j jest poddany wcze\u015bniejszej optymalizacji w nowoczesnym programie.<\/h3>\n<p>[\/vc_column_text][vc_row_inner][vc_column_inner width=&#8221;1\/2&#8243;][vc_single_image image=&#8221;347&#8243; img_size=&#8221;full&#8221; alignment=&#8221;center&#8221;][\/vc_column_inner][vc_column_inner width=&#8221;1\/2&#8243;][vc_column_text]<\/p>\n<h4 style=\"text-align: left;\">Nasz system w odr\u00f3\u017cnieniu od konkurencji bazuje na wielowymiarowej optymalizacji. Opr\u00f3cz powierzchni p\u0142yt bierze pod uwag\u0119 r\u00f3wnie\u017c koszty materia\u0142u, zu\u017cycie narz\u0119dzi i czas.<\/h4>\n<p>[\/vc_column_text][\/vc_column_inner][\/vc_row_inner][vc_column_text]<\/p>\n<h4 style=\"text-align: left;\"><strong>Jak wygl\u0105da proces rozkroju?<\/strong><br \/>\nDo wykonania rozkroju u\u017cywamy du\u017cych pi\u0142 panelowych. D\u0142ugo\u015b\u0107 linii ci\u0119cia wynosi 4,2 m. Projekcja, czyli wystawanie pi\u0142y ponad blat wynosi 12 cm. G\u0142owica wyposa\u017cona jest w dwie tarcze tn\u0105ce, nap\u0119dzane silnikami o \u0142\u0105cznej mocy 30 kW, dzi\u0119ki czemu mo\u017cliwe jest r\u00f3wnoczesne ci\u0119cie 5 p\u0142yt. Pierwsza tarcza, nazywana \u201epodcinakiem\u201d ma za zadanie naci\u0105\u0107 p\u0142yt\u0119 od spodu, dzi\u0119ki czemu dolna powierzchnia materia\u0142u nie zostanie postrz\u0119piona przez wychodz\u0105c\u0105 z materia\u0142u g\u0142\u00f3wn\u0105 tarcz\u0119, natomiast druga tarcza ma za zadanie zapewni\u0107 dodatkow\u0105 jako\u015b\u0107 ci\u0119cia.. Jak \u0142atwo si\u0119 domy\u015ble\u0107 dolna tarcza musi zrobi\u0107 minimalnie szersze naci\u0119cie ni\u017c rzaz pi\u0142y g\u0142\u00f3wnej. Zazwyczaj z\u0119by tarczy \u201epodcinaka\u201d maj\u0105 kszta\u0142t trapezu, dzi\u0119ki czemu mo\u017cna dopasowa\u0107 szeroko\u015b\u0107 naci\u0119cia do tarczy g\u0142\u00f3wnej, kt\u00f3ra po ka\u017cdym ostrzeniu ma inn\u0105 szeroko\u015b\u0107 z\u0119b\u00f3w. Dodatkowym u\u0142atwieniem jest zastosowanie serwomotor\u00f3w do ustawiania \u201epodcinaka\u201d. Dzi\u0119ki temu operator mo\u017ce bardzo precyzyjnie, z ma\u0142ym skokiem, dopasowa\u0107 obie tarcze. Minimalny, powsta\u0142y na kraw\u0119dzi uskok (w granicach 0,1 m) zostaje zniwelowany podczas formatowania na CNC lub w procesie oklejania przez diamentowe frezy wst\u0119pne.<\/h4>\n<p>[\/vc_column_text][\/vc_column][\/vc_row][vc_row css=&#8221;.vc_custom_1546949151501{margin-top: 120px !important;}&#8221;][vc_column][vc_raw_html]JTNDaWZyYW1lJTIwd2lkdGglM0QlMjIxMjAwJTIyJTIwaGVpZ2h0JTNEJTIyNjc1JTIyJTIwc3JjJTNEJTIyaHR0cHMlM0ElMkYlMkZ3d3cueW91dHViZS5jb20lMkZlbWJlZCUyRjdMWkZnUUlCUjFFJTIyJTIwdGl0bGUlM0QlMjJZb3VUdWJlJTIwdmlkZW8lMjBwbGF5ZXIlMjIlMjBmcmFtZWJvcmRlciUzRCUyMjAlMjIlMjBhbGxvdyUzRCUyMmFjY2VsZXJvbWV0ZXIlM0IlMjBhdXRvcGxheSUzQiUyMGNsaXBib2FyZC13cml0ZSUzQiUyMGVuY3J5cHRlZC1tZWRpYSUzQiUyMGd5cm9zY29wZSUzQiUyMHBpY3R1cmUtaW4tcGljdHVyZSUyMiUyMGFsbG93ZnVsbHNjcmVlbiUzRSUzQyUyRmlmcmFtZSUzRQ==[\/vc_raw_html][\/vc_column][\/vc_row]<\/p>\n","protected":false},"excerpt":{"rendered":"<p>[vc_row full_width=&quot;stretch_row&quot; full_height=&quot;yes&quot; bg_type=&quot;image&quot; parallax_style=&quot;vcpb-default&quot; bg_image_new=&quot;id^299|url^https:\/\/wojt.you2.pl\/wp-content\/uploads\/2019\/02\/formatowanie-plyt-mdf.jpg|caption^null|alt^null|title^formatowanie-plyt-mdf|description^null&quot; bg_image_repeat=&quot;no-repeat&quot;][vc_column][vc_custom_heading source=&quot;post_title&quot; font_container=&quot;tag:h1|text_align:left|color:%23ffffff&quot; use_theme_fonts=&quot;yes&quot; link=&quot;|||&quot; css=&quot;.vc_custom_1553854451933{padding-top: 20px !important;padding-right: 15px !important;padding-bottom: 20px !important;padding-left: 15px !important;background-color: rgba(37,51,112,0.9) !important;*background-color: rgb(37,51,112) !important;}&quot; el_class=&quot;naglowek&quot;][\/vc_column][\/vc_row][vc_row][vc_column][vc_column_text css=&quot;.vc_custom_1556876444995{padding-top: 100px !important;padding-bottom: 100px !important;}&quot;] Rozkr\u00f3j p\u0142yt meblowych polega na ich docinaniu na konkretny wymiar. Aby zoptymalizowa\u0107 ilo\u015b\u0107 zu\u017cytych materia\u0142\u00f3w oraz czas realizacji, ka\u017cdy rozkr\u00f3j jest poddany wcze\u015bniejszej optymalizacji w&hellip;<\/p>\n","protected":false},"author":2,"featured_media":0,"parent":103,"menu_order":0,"comment_status":"closed","ping_status":"closed","template":"","meta":{"footnotes":""},"class_list":["post-342","page","type-page","status-publish","hentry","description-off"],"_links":{"self":[{"href":"https:\/\/wojt.you2.pl\/index.php\/wp-json\/wp\/v2\/pages\/342","targetHints":{"allow":["GET"]}}],"collection":[{"href":"https:\/\/wojt.you2.pl\/index.php\/wp-json\/wp\/v2\/pages"}],"about":[{"href":"https:\/\/wojt.you2.pl\/index.php\/wp-json\/wp\/v2\/types\/page"}],"author":[{"embeddable":true,"href":"https:\/\/wojt.you2.pl\/index.php\/wp-json\/wp\/v2\/users\/2"}],"replies":[{"embeddable":true,"href":"https:\/\/wojt.you2.pl\/index.php\/wp-json\/wp\/v2\/comments?post=342"}],"version-history":[{"count":0,"href":"https:\/\/wojt.you2.pl\/index.php\/wp-json\/wp\/v2\/pages\/342\/revisions"}],"up":[{"embeddable":true,"href":"https:\/\/wojt.you2.pl\/index.php\/wp-json\/wp\/v2\/pages\/103"}],"wp:attachment":[{"href":"https:\/\/wojt.you2.pl\/index.php\/wp-json\/wp\/v2\/media?parent=342"}],"curies":[{"name":"wp","href":"https:\/\/api.w.org\/{rel}","templated":true}]}}