{"id":349,"date":"2019-03-29T10:30:49","date_gmt":"2019-03-29T10:30:49","guid":{"rendered":"https:\/\/fornit.pl\/?page_id=349"},"modified":"2019-03-29T10:30:49","modified_gmt":"2019-03-29T10:30:49","slug":"oklejanie-waskich-plaszczyzn","status":"publish","type":"page","link":"https:\/\/wojt.you2.pl\/index.php\/technologie\/oklejanie-waskich-plaszczyzn\/","title":{"rendered":"Oklejanie w\u0105skich p\u0142aszczyzn"},"content":{"rendered":"<p>[vc_row full_width=&quot;stretch_row&quot; full_height=&quot;yes&quot; bg_type=&quot;image&quot; parallax_style=&quot;vcpb-default&quot; bg_image_new=&quot;id^303|url^https:\/\/wojt.you2.pl\/wp-content\/uploads\/2019\/02\/oklejanie-waskich-powierzchni.jpg|caption^null|alt^null|title^oklejanie-waskich-powierzchni|description^null&quot; bg_image_repeat=&quot;no-repeat&quot;][vc_column][vc_custom_heading source=&quot;post_title&quot; font_container=&quot;tag:h1|text_align:left|color:%23ffffff&quot; use_theme_fonts=&quot;yes&quot; link=&quot;|||&quot; css=&quot;.vc_custom_1553854451933{padding-top: 20px !important;padding-right: 15px !important;padding-bottom: 20px !important;padding-left: 15px !important;background-color: rgba(37,51,112,0.9) !important;*background-color: rgb(37,51,112) !important;}&quot; el_class=&quot;naglowek&quot;][\/vc_column][\/vc_row][vc_row][vc_column][vc_column_text css=&quot;.vc_custom_1556876596228{padding-top: 100px !important;padding-bottom: 100px !important;}&quot;]<\/p>\n<h3 style=\"text-align: left;\">Oklejanie w\u0105skich p\u0142aszczyzn za pomoc\u0105 tworzyw sztucznych czy oklein naturalnych jest technologi\u0105 stosowan\u0105 na rynku od wielu lat, natomiast coraz wi\u0119ksze wymagania Klient\u00f3w ukierunkowa\u0142y rozw\u00f3j stosowanych technologii. Przekr\u00f3j p\u0142yt wi\u00f3rowych i MDF w miejscach nara\u017conych na kontakt z u\u017cytkownikiem musi by\u0107 zabezpieczony.<\/h3>\n<p>[\/vc_column_text][vc_row_inner][vc_column_inner width=&#8221;2\/3&#8243;][vc_single_image image=&#8221;350&#8243; img_size=&#8221;full&#8221; alignment=&#8221;center&#8221;][\/vc_column_inner][vc_column_inner width=&#8221;1\/3&#8243;][vc_column_text]<\/p>\n<h4 style=\"text-align: left;\">W chwili obecnej do oklejania stosowane s\u0105 najcz\u0119\u015bciej ta\u015bmy ABS o grubo\u015bci od 0,5 mm do 2 mm, jednak mo\u017cliwe jest u\u017cycie innych materia\u0142\u00f3w takich jak laminat HPL, fornir czy lite drewno. Ca\u0142y proces, od oczyszczenia i wyr\u00f3wnania kraw\u0119dzi, do oczyszczenia elementu po oklejeniu jest ca\u0142kowicie zautomatyzowany i wykonany na maszynach, kt\u00f3re zaprojektowali\u015bmy bazuj\u0105c na naszym kilkudziesi\u0119cioletnim do\u015bwiadczeniu.<\/h4>\n<p>[\/vc_column_text][\/vc_column_inner][\/vc_row_inner][\/vc_column][\/vc_row][vc_row css=&#8221;.vc_custom_1546949151501{margin-top: 120px !important;}&#8221;][vc_column][vc_raw_html]JTNDaWZyYW1lJTIwd2lkdGglM0QlMjIxMjAwJTIyJTIwaGVpZ2h0JTNEJTIyNjc1JTIyJTIwc3JjJTNEJTIyaHR0cHMlM0ElMkYlMkZ3d3cueW91dHViZS5jb20lMkZlbWJlZCUyRlJya19ScExQbEZnJTIyJTIwdGl0bGUlM0QlMjJZb3VUdWJlJTIwdmlkZW8lMjBwbGF5ZXIlMjIlMjBmcmFtZWJvcmRlciUzRCUyMjAlMjIlMjBhbGxvdyUzRCUyMmFjY2VsZXJvbWV0ZXIlM0IlMjBhdXRvcGxheSUzQiUyMGNsaXBib2FyZC13cml0ZSUzQiUyMGVuY3J5cHRlZC1tZWRpYSUzQiUyMGd5cm9zY29wZSUzQiUyMHBpY3R1cmUtaW4tcGljdHVyZSUyMiUyMGFsbG93ZnVsbHNjcmVlbiUzRSUzQyUyRmlmcmFtZSUzRQ==[\/vc_raw_html][\/vc_column][\/vc_row]<\/p>\n","protected":false},"excerpt":{"rendered":"<p>[vc_row full_width=&quot;stretch_row&quot; full_height=&quot;yes&quot; bg_type=&quot;image&quot; parallax_style=&quot;vcpb-default&quot; bg_image_new=&quot;id^303|url^https:\/\/wojt.you2.pl\/wp-content\/uploads\/2019\/02\/oklejanie-waskich-powierzchni.jpg|caption^null|alt^null|title^oklejanie-waskich-powierzchni|description^null&quot; bg_image_repeat=&quot;no-repeat&quot;][vc_column][vc_custom_heading source=&quot;post_title&quot; font_container=&quot;tag:h1|text_align:left|color:%23ffffff&quot; use_theme_fonts=&quot;yes&quot; link=&quot;|||&quot; css=&quot;.vc_custom_1553854451933{padding-top: 20px !important;padding-right: 15px !important;padding-bottom: 20px !important;padding-left: 15px !important;background-color: rgba(37,51,112,0.9) !important;*background-color: rgb(37,51,112) !important;}&quot; el_class=&quot;naglowek&quot;][\/vc_column][\/vc_row][vc_row][vc_column][vc_column_text css=&quot;.vc_custom_1556876596228{padding-top: 100px !important;padding-bottom: 100px !important;}&quot;] Oklejanie w\u0105skich p\u0142aszczyzn za pomoc\u0105 tworzyw sztucznych czy oklein naturalnych jest technologi\u0105 stosowan\u0105 na rynku od wielu lat, natomiast coraz wi\u0119ksze wymagania Klient\u00f3w ukierunkowa\u0142y rozw\u00f3j&hellip;<\/p>\n","protected":false},"author":2,"featured_media":0,"parent":103,"menu_order":0,"comment_status":"closed","ping_status":"closed","template":"","meta":{"footnotes":""},"class_list":["post-349","page","type-page","status-publish","hentry","description-off"],"_links":{"self":[{"href":"https:\/\/wojt.you2.pl\/index.php\/wp-json\/wp\/v2\/pages\/349","targetHints":{"allow":["GET"]}}],"collection":[{"href":"https:\/\/wojt.you2.pl\/index.php\/wp-json\/wp\/v2\/pages"}],"about":[{"href":"https:\/\/wojt.you2.pl\/index.php\/wp-json\/wp\/v2\/types\/page"}],"author":[{"embeddable":true,"href":"https:\/\/wojt.you2.pl\/index.php\/wp-json\/wp\/v2\/users\/2"}],"replies":[{"embeddable":true,"href":"https:\/\/wojt.you2.pl\/index.php\/wp-json\/wp\/v2\/comments?post=349"}],"version-history":[{"count":0,"href":"https:\/\/wojt.you2.pl\/index.php\/wp-json\/wp\/v2\/pages\/349\/revisions"}],"up":[{"embeddable":true,"href":"https:\/\/wojt.you2.pl\/index.php\/wp-json\/wp\/v2\/pages\/103"}],"wp:attachment":[{"href":"https:\/\/wojt.you2.pl\/index.php\/wp-json\/wp\/v2\/media?parent=349"}],"curies":[{"name":"wp","href":"https:\/\/api.w.org\/{rel}","templated":true}]}}