{"id":361,"date":"2019-03-29T10:47:21","date_gmt":"2019-03-29T10:47:21","guid":{"rendered":"https:\/\/fornit.pl\/?page_id=361"},"modified":"2019-03-29T10:47:21","modified_gmt":"2019-03-29T10:47:21","slug":"okleinowanie-na-prasie","status":"publish","type":"page","link":"https:\/\/wojt.you2.pl\/index.php\/technologie\/okleinowanie-na-prasie\/","title":{"rendered":"Okleinowanie na prasie"},"content":{"rendered":"<p>[vc_row full_width=&quot;stretch_row&quot; full_height=&quot;yes&quot; bg_type=&quot;image&quot; parallax_style=&quot;vcpb-default&quot; bg_image_new=&quot;id^292|url^https:\/\/wojt.you2.pl\/wp-content\/uploads\/2019\/02\/prasowanie-okladzin-mdf.jpg|caption^null|alt^null|title^prasowanie-okladzin-mdf|description^null&quot; bg_image_repeat=&quot;no-repeat&quot;][vc_column][vc_custom_heading source=&quot;post_title&quot; font_container=&quot;tag:h1|text_align:left|color:%23ffffff&quot; use_theme_fonts=&quot;yes&quot; link=&quot;|||&quot; css=&quot;.vc_custom_1553854451933{padding-top: 20px !important;padding-right: 15px !important;padding-bottom: 20px !important;padding-left: 15px !important;background-color: rgba(37,51,112,0.9) !important;*background-color: rgb(37,51,112) !important;}&quot; el_class=&quot;naglowek&quot;][\/vc_column][\/vc_row][vc_row][vc_column][vc_column_text css=&quot;.vc_custom_1556876558818{padding-top: 100px !important;padding-bottom: 100px !important;}&quot;]<\/p>\n<h3 style=\"text-align: left;\">Okleinowanie na prasie polega na sprasowaniu pod wysokim ci\u015bnieniem p\u0142yty meblowej (zazwyczaj wi\u00f3rowej lub MDF) z oklein\u0105 naturaln\u0105 (fornir), modyfikowan\u0105 lub laminatem HPL na wysokiej jako\u015bci prasie hydraulicznej z zastosowaniem klej\u00f3w wodnych.<\/h3>\n<p>[\/vc_column_text][vc_row_inner][vc_column_inner width=&#8221;2\/3&#8243;][vc_single_image image=&#8221;362&#8243; img_size=&#8221;full&#8221; alignment=&#8221;center&#8221;][\/vc_column_inner][vc_column_inner width=&#8221;1\/3&#8243;][vc_column_text]<\/p>\n<h4 style=\"text-align: left;\">Metoda ta ma przewag\u0119 nad powszechnie stosowanym klejeniem na zimno przy zastosowaniu klej\u00f3w kontaktowych. Do najwi\u0119kszych zalet nale\u017c\u0105: brak substancji niebezpiecznych takich jak ksylen, toluen, czy cykloheksanu; g\u0142adko\u015b\u0107 powierzchni \u2013 klej wodny \u0142atwo rozprowadza si\u0119 cienk\u0105, r\u00f3wnomiern\u0105 warstw\u0105 na ca\u0142ej powierzchni, nie tworz\u0105c przy tym p\u0119cherzyk\u00f3w; wytrzyma\u0142o\u015b\u0107 na temperatur\u0119 \u2013 kleje kontaktowe podgrzane do 60\u00b0C zaczynaj\u0105 si\u0119 rozkleja\u0107.<\/h4>\n<p>[\/vc_column_text][\/vc_column_inner][\/vc_row_inner][vc_column_text css=&#8221;.vc_custom_1556876578074{margin-top: 80px !important;}&#8221;]<\/p>\n<h4 style=\"text-align: left;\">Bardzo istotne w przypadku oklejania element\u00f3w samono\u015bnych, w szczeg\u00f3lno\u015bci blat\u00f3w oraz p\u00f3\u0142ek jest zastosowanie warstwy przeciwpr\u0119\u017cnej, czyli ok\u0142adziny na przeciwleg\u0142\u0105 powierzchni\u0119, o takich samych w\u0142a\u015bciwo\u015bciach fizycznych, dzi\u0119ki czemu element nie b\u0119dzie si\u0119 wygina\u0142.<\/h4>\n<p>[\/vc_column_text][\/vc_column][\/vc_row][vc_row css=&#8221;.vc_custom_1553854884476{margin-top: 120px !important;}&#8221;][vc_column][vc_raw_html]JTNDaWZyYW1lJTIwd2lkdGglM0QlMjIxMjAwJTIyJTIwaGVpZ2h0JTNEJTIyNjc1JTIyJTIwc3JjJTNEJTIyaHR0cHMlM0ElMkYlMkZ3d3cueW91dHViZS5jb20lMkZlbWJlZCUyRndjb1pYNWh5ZHRRJTIyJTIwdGl0bGUlM0QlMjJZb3VUdWJlJTIwdmlkZW8lMjBwbGF5ZXIlMjIlMjBmcmFtZWJvcmRlciUzRCUyMjAlMjIlMjBhbGxvdyUzRCUyMmFjY2VsZXJvbWV0ZXIlM0IlMjBhdXRvcGxheSUzQiUyMGNsaXBib2FyZC13cml0ZSUzQiUyMGVuY3J5cHRlZC1tZWRpYSUzQiUyMGd5cm9zY29wZSUzQiUyMHBpY3R1cmUtaW4tcGljdHVyZSUyMiUyMGFsbG93ZnVsbHNjcmVlbiUzRSUzQyUyRmlmcmFtZSUzRQ==[\/vc_raw_html][\/vc_column][\/vc_row]<\/p>\n","protected":false},"excerpt":{"rendered":"<p>[vc_row full_width=&quot;stretch_row&quot; full_height=&quot;yes&quot; bg_type=&quot;image&quot; parallax_style=&quot;vcpb-default&quot; bg_image_new=&quot;id^292|url^https:\/\/wojt.you2.pl\/wp-content\/uploads\/2019\/02\/prasowanie-okladzin-mdf.jpg|caption^null|alt^null|title^prasowanie-okladzin-mdf|description^null&quot; bg_image_repeat=&quot;no-repeat&quot;][vc_column][vc_custom_heading source=&quot;post_title&quot; font_container=&quot;tag:h1|text_align:left|color:%23ffffff&quot; use_theme_fonts=&quot;yes&quot; link=&quot;|||&quot; css=&quot;.vc_custom_1553854451933{padding-top: 20px !important;padding-right: 15px !important;padding-bottom: 20px !important;padding-left: 15px !important;background-color: rgba(37,51,112,0.9) !important;*background-color: rgb(37,51,112) !important;}&quot; el_class=&quot;naglowek&quot;][\/vc_column][\/vc_row][vc_row][vc_column][vc_column_text css=&quot;.vc_custom_1556876558818{padding-top: 100px !important;padding-bottom: 100px !important;}&quot;] Okleinowanie na prasie polega na sprasowaniu pod wysokim ci\u015bnieniem p\u0142yty meblowej (zazwyczaj wi\u00f3rowej lub MDF) z oklein\u0105 naturaln\u0105 (fornir), modyfikowan\u0105 lub laminatem HPL na wysokiej&hellip;<\/p>\n","protected":false},"author":2,"featured_media":0,"parent":103,"menu_order":0,"comment_status":"closed","ping_status":"closed","template":"","meta":{"footnotes":""},"class_list":["post-361","page","type-page","status-publish","hentry","description-off"],"_links":{"self":[{"href":"https:\/\/wojt.you2.pl\/index.php\/wp-json\/wp\/v2\/pages\/361","targetHints":{"allow":["GET"]}}],"collection":[{"href":"https:\/\/wojt.you2.pl\/index.php\/wp-json\/wp\/v2\/pages"}],"about":[{"href":"https:\/\/wojt.you2.pl\/index.php\/wp-json\/wp\/v2\/types\/page"}],"author":[{"embeddable":true,"href":"https:\/\/wojt.you2.pl\/index.php\/wp-json\/wp\/v2\/users\/2"}],"replies":[{"embeddable":true,"href":"https:\/\/wojt.you2.pl\/index.php\/wp-json\/wp\/v2\/comments?post=361"}],"version-history":[{"count":0,"href":"https:\/\/wojt.you2.pl\/index.php\/wp-json\/wp\/v2\/pages\/361\/revisions"}],"up":[{"embeddable":true,"href":"https:\/\/wojt.you2.pl\/index.php\/wp-json\/wp\/v2\/pages\/103"}],"wp:attachment":[{"href":"https:\/\/wojt.you2.pl\/index.php\/wp-json\/wp\/v2\/media?parent=361"}],"curies":[{"name":"wp","href":"https:\/\/api.w.org\/{rel}","templated":true}]}}