{"id":373,"date":"2019-03-29T11:08:12","date_gmt":"2019-03-29T11:08:12","guid":{"rendered":"https:\/\/fornit.pl\/?page_id=373"},"modified":"2019-03-29T11:08:12","modified_gmt":"2019-03-29T11:08:12","slug":"frezowanie","status":"publish","type":"page","link":"https:\/\/wojt.you2.pl\/index.php\/technologie\/frezowanie\/","title":{"rendered":"Frezowanie"},"content":{"rendered":"<p>[vc_row full_width=&quot;stretch_row&quot; full_height=&quot;yes&quot; bg_type=&quot;image&quot; parallax_style=&quot;vcpb-default&quot; bg_image_new=&quot;id^107|url^https:\/\/wojt.you2.pl\/wp-content\/uploads\/2018\/05\/stolarnia.jpg|caption^null|alt^null|title^stolarnia|description^null&quot; bg_image_repeat=&quot;no-repeat&quot;][vc_column][vc_custom_heading source=&quot;post_title&quot; font_container=&quot;tag:h1|text_align:left|color:%23ffffff&quot; use_theme_fonts=&quot;yes&quot; link=&quot;|||&quot; css=&quot;.vc_custom_1553854451933{padding-top: 20px !important;padding-right: 15px !important;padding-bottom: 20px !important;padding-left: 15px !important;background-color: rgba(37,51,112,0.9) !important;*background-color: rgb(37,51,112) !important;}&quot; el_class=&quot;naglowek&quot;][\/vc_column][\/vc_row][vc_row][vc_column][vc_column_text css=&quot;.vc_custom_1556876487209{padding-top: 100px !important;padding-bottom: 100px !important;}&quot;]<\/p>\n<h3 style=\"text-align: left;\">Obr\u00f3bka skrawaniem stosowana jest zazwyczaj w celu nadania innego kszta\u0142tu ni\u017c prosty, wykonania otwor\u00f3w o wi\u0119kszej \u015brednicy lub przygotowania element\u00f3w sk\u0142adowych mebli innych ni\u017c proste, skrzyniowe. Ze wzgl\u0119du na rosn\u0105ce wymagania rynku i pogarszaj\u0105ce si\u0119 parametry fizyczne materia\u0142\u00f3w konstrukcyjnych, w szczeg\u00f3lno\u015bci p\u0142yt wi\u00f3rowych i MDF, coraz cz\u0119\u015bciej stosujemy formatowanie na frezarkach, czyli bardzo precyzyjne wyr\u00f3wnanie element\u00f3w wyci\u0119tych z odpowiednim naddatkiem rz\u0119du 1 cm.<\/h3>\n<p>[\/vc_column_text][vc_row_inner][vc_column_inner width=&#8221;2\/3&#8243;][vc_single_image image=&#8221;107&#8243; img_size=&#8221;full&#8221; alignment=&#8221;center&#8221;][\/vc_column_inner][vc_column_inner width=&#8221;1\/3&#8243;][vc_column_text]<\/p>\n<h4 style=\"text-align: left;\">Wszystkie u\u017cywane przez nas frezarki to maszyny typu CNC, czyli sterowane numerycznie. Ponadto maszyny posiadaj\u0105 wbudowane automatyczne magazynki narz\u0119dzi, dzi\u0119ki kt\u00f3rym na elemencie wykonywane s\u0105 wszystkie obr\u00f3bki bez konieczno\u015bci przenoszenia na kolejne maszyny. Z minimaln\u0105 strat\u0105 czasu mo\u017cemy zacz\u0105\u0107 obr\u00f3bk\u0119 elementu przeciwbie\u017cnie, po czym automatycznie przej\u015b\u0107 na obr\u00f3bk\u0119 wsp\u00f3\u0142bie\u017cn\u0105, dzi\u0119ki czemu materia\u0142 b\u0119dzie ca\u0142y czas dociskany przez narz\u0119dzie i zminimalizuje ryzyko p\u0119kni\u0119\u0107 w miejscu wej\u015bcia i wyj\u015bcia narz\u0119dzia.<\/h4>\n<p>[\/vc_column_text][\/vc_column_inner][\/vc_row_inner][\/vc_column][\/vc_row][vc_row css=&#8221;.vc_custom_1553854884476{margin-top: 120px !important;}&#8221;][vc_column][vc_raw_html]JTNDaWZyYW1lJTIwd2lkdGglM0QlMjIxMjAwJTIyJTIwaGVpZ2h0JTNEJTIyNjc1JTIyJTIwc3JjJTNEJTIyaHR0cHMlM0ElMkYlMkZ3d3cueW91dHViZS5jb20lMkZlbWJlZCUyRk1lLV9HWHV1ZGVBJTIyJTIwdGl0bGUlM0QlMjJZb3VUdWJlJTIwdmlkZW8lMjBwbGF5ZXIlMjIlMjBmcmFtZWJvcmRlciUzRCUyMjAlMjIlMjBhbGxvdyUzRCUyMmFjY2VsZXJvbWV0ZXIlM0IlMjBhdXRvcGxheSUzQiUyMGNsaXBib2FyZC13cml0ZSUzQiUyMGVuY3J5cHRlZC1tZWRpYSUzQiUyMGd5cm9zY29wZSUzQiUyMHBpY3R1cmUtaW4tcGljdHVyZSUyMiUyMGFsbG93ZnVsbHNjcmVlbiUzRSUzQyUyRmlmcmFtZSUzRQ==[\/vc_raw_html][\/vc_column][\/vc_row]<\/p>\n","protected":false},"excerpt":{"rendered":"<p>[vc_row full_width=&quot;stretch_row&quot; full_height=&quot;yes&quot; bg_type=&quot;image&quot; parallax_style=&quot;vcpb-default&quot; bg_image_new=&quot;id^107|url^https:\/\/wojt.you2.pl\/wp-content\/uploads\/2018\/05\/stolarnia.jpg|caption^null|alt^null|title^stolarnia|description^null&quot; bg_image_repeat=&quot;no-repeat&quot;][vc_column][vc_custom_heading source=&quot;post_title&quot; font_container=&quot;tag:h1|text_align:left|color:%23ffffff&quot; use_theme_fonts=&quot;yes&quot; link=&quot;|||&quot; css=&quot;.vc_custom_1553854451933{padding-top: 20px !important;padding-right: 15px !important;padding-bottom: 20px !important;padding-left: 15px !important;background-color: rgba(37,51,112,0.9) !important;*background-color: rgb(37,51,112) !important;}&quot; el_class=&quot;naglowek&quot;][\/vc_column][\/vc_row][vc_row][vc_column][vc_column_text css=&quot;.vc_custom_1556876487209{padding-top: 100px !important;padding-bottom: 100px !important;}&quot;] Obr\u00f3bka skrawaniem stosowana jest zazwyczaj w celu nadania innego kszta\u0142tu ni\u017c prosty, wykonania otwor\u00f3w o wi\u0119kszej \u015brednicy lub przygotowania element\u00f3w sk\u0142adowych mebli innych ni\u017c proste,&hellip;<\/p>\n","protected":false},"author":2,"featured_media":0,"parent":103,"menu_order":0,"comment_status":"closed","ping_status":"closed","template":"","meta":{"footnotes":""},"class_list":["post-373","page","type-page","status-publish","hentry","description-off"],"_links":{"self":[{"href":"https:\/\/wojt.you2.pl\/index.php\/wp-json\/wp\/v2\/pages\/373","targetHints":{"allow":["GET"]}}],"collection":[{"href":"https:\/\/wojt.you2.pl\/index.php\/wp-json\/wp\/v2\/pages"}],"about":[{"href":"https:\/\/wojt.you2.pl\/index.php\/wp-json\/wp\/v2\/types\/page"}],"author":[{"embeddable":true,"href":"https:\/\/wojt.you2.pl\/index.php\/wp-json\/wp\/v2\/users\/2"}],"replies":[{"embeddable":true,"href":"https:\/\/wojt.you2.pl\/index.php\/wp-json\/wp\/v2\/comments?post=373"}],"version-history":[{"count":0,"href":"https:\/\/wojt.you2.pl\/index.php\/wp-json\/wp\/v2\/pages\/373\/revisions"}],"up":[{"embeddable":true,"href":"https:\/\/wojt.you2.pl\/index.php\/wp-json\/wp\/v2\/pages\/103"}],"wp:attachment":[{"href":"https:\/\/wojt.you2.pl\/index.php\/wp-json\/wp\/v2\/media?parent=373"}],"curies":[{"name":"wp","href":"https:\/\/api.w.org\/{rel}","templated":true}]}}