{"id":376,"date":"2019-03-29T11:13:20","date_gmt":"2019-03-29T11:13:20","guid":{"rendered":"https:\/\/fornit.pl\/?page_id=376"},"modified":"2019-03-29T11:13:20","modified_gmt":"2019-03-29T11:13:20","slug":"lakierowanie","status":"publish","type":"page","link":"https:\/\/wojt.you2.pl\/index.php\/technologie\/lakierowanie\/","title":{"rendered":"Lakierowanie"},"content":{"rendered":"<p>[vc_row full_width=&quot;stretch_row&quot; full_height=&quot;yes&quot; bg_type=&quot;image&quot; parallax_style=&quot;vcpb-default&quot; bg_image_new=&quot;id^294|url^https:\/\/wojt.you2.pl\/wp-content\/uploads\/2019\/02\/lakierowanie-frontow-meblowych.jpg|caption^null|alt^null|title^lakierowanie-frontow-meblowych|description^null&quot; bg_image_repeat=&quot;no-repeat&quot;][vc_column][vc_custom_heading source=&quot;post_title&quot; font_container=&quot;tag:h1|text_align:left|color:%23ffffff&quot; use_theme_fonts=&quot;yes&quot; link=&quot;|||&quot; css=&quot;.vc_custom_1553854451933{padding-top: 20px !important;padding-right: 15px !important;padding-bottom: 20px !important;padding-left: 15px !important;background-color: rgba(37,51,112,0.9) !important;*background-color: rgb(37,51,112) !important;}&quot; el_class=&quot;naglowek&quot;][\/vc_column][\/vc_row][vc_row][vc_column][vc_column_text css=&quot;.vc_custom_1556876539179{padding-top: 100px !important;padding-bottom: 100px !important;}&quot;]<\/p>\n<h3 style=\"text-align: left;\">Lakierowanie to szeroko rozumiane nanoszenie na element lub p\u00f3\u0142produkt materia\u0142\u00f3w uszlachetniaj\u0105cych, takich jak bejce, lakiery, farby, woski wraz ze wszystkimi procesami przygotowawczymi i po\u015brednimi. Zalet\u0105 lakierowania element\u00f3w meblowych jest dost\u0119pna szeroka gama kolorystyczna, zgodna z dowolnymi paletami np. RAL.<\/h3>\n<p>[\/vc_column_text][vc_row_inner][vc_column_inner][vc_single_image image=&#8221;377&#8243; img_size=&#8221;full&#8221; alignment=&#8221;center&#8221;][\/vc_column_inner][\/vc_row_inner][\/vc_column][\/vc_row][vc_row css=&#8221;.vc_custom_1553854884476{margin-top: 120px !important;}&#8221;][vc_column][vc_raw_html]JTNDaWZyYW1lJTIwd2lkdGglM0QlMjIxMjAwJTIyJTIwaGVpZ2h0JTNEJTIyNjc1JTIyJTIwc3JjJTNEJTIyaHR0cHMlM0ElMkYlMkZ3d3cueW91dHViZS5jb20lMkZlbWJlZCUyRkQ2c1pSU2dDMkwwJTIyJTIwdGl0bGUlM0QlMjJZb3VUdWJlJTIwdmlkZW8lMjBwbGF5ZXIlMjIlMjBmcmFtZWJvcmRlciUzRCUyMjAlMjIlMjBhbGxvdyUzRCUyMmFjY2VsZXJvbWV0ZXIlM0IlMjBhdXRvcGxheSUzQiUyMGNsaXBib2FyZC13cml0ZSUzQiUyMGVuY3J5cHRlZC1tZWRpYSUzQiUyMGd5cm9zY29wZSUzQiUyMHBpY3R1cmUtaW4tcGljdHVyZSUyMiUyMGFsbG93ZnVsbHNjcmVlbiUzRSUzQyUyRmlmcmFtZSUzRQ==[\/vc_raw_html][\/vc_column][\/vc_row]<\/p>\n","protected":false},"excerpt":{"rendered":"<p>[vc_row full_width=&quot;stretch_row&quot; full_height=&quot;yes&quot; bg_type=&quot;image&quot; parallax_style=&quot;vcpb-default&quot; bg_image_new=&quot;id^294|url^https:\/\/wojt.you2.pl\/wp-content\/uploads\/2019\/02\/lakierowanie-frontow-meblowych.jpg|caption^null|alt^null|title^lakierowanie-frontow-meblowych|description^null&quot; bg_image_repeat=&quot;no-repeat&quot;][vc_column][vc_custom_heading source=&quot;post_title&quot; font_container=&quot;tag:h1|text_align:left|color:%23ffffff&quot; use_theme_fonts=&quot;yes&quot; link=&quot;|||&quot; css=&quot;.vc_custom_1553854451933{padding-top: 20px !important;padding-right: 15px !important;padding-bottom: 20px !important;padding-left: 15px !important;background-color: rgba(37,51,112,0.9) !important;*background-color: rgb(37,51,112) !important;}&quot; el_class=&quot;naglowek&quot;][\/vc_column][\/vc_row][vc_row][vc_column][vc_column_text css=&quot;.vc_custom_1556876539179{padding-top: 100px !important;padding-bottom: 100px !important;}&quot;] Lakierowanie to szeroko rozumiane nanoszenie na element lub p\u00f3\u0142produkt materia\u0142\u00f3w uszlachetniaj\u0105cych, takich jak bejce, lakiery, farby, woski wraz ze wszystkimi procesami przygotowawczymi i po\u015brednimi. Zalet\u0105&hellip;<\/p>\n","protected":false},"author":2,"featured_media":0,"parent":103,"menu_order":0,"comment_status":"closed","ping_status":"closed","template":"","meta":{"footnotes":""},"class_list":["post-376","page","type-page","status-publish","hentry","description-off"],"_links":{"self":[{"href":"https:\/\/wojt.you2.pl\/index.php\/wp-json\/wp\/v2\/pages\/376","targetHints":{"allow":["GET"]}}],"collection":[{"href":"https:\/\/wojt.you2.pl\/index.php\/wp-json\/wp\/v2\/pages"}],"about":[{"href":"https:\/\/wojt.you2.pl\/index.php\/wp-json\/wp\/v2\/types\/page"}],"author":[{"embeddable":true,"href":"https:\/\/wojt.you2.pl\/index.php\/wp-json\/wp\/v2\/users\/2"}],"replies":[{"embeddable":true,"href":"https:\/\/wojt.you2.pl\/index.php\/wp-json\/wp\/v2\/comments?post=376"}],"version-history":[{"count":0,"href":"https:\/\/wojt.you2.pl\/index.php\/wp-json\/wp\/v2\/pages\/376\/revisions"}],"up":[{"embeddable":true,"href":"https:\/\/wojt.you2.pl\/index.php\/wp-json\/wp\/v2\/pages\/103"}],"wp:attachment":[{"href":"https:\/\/wojt.you2.pl\/index.php\/wp-json\/wp\/v2\/media?parent=376"}],"curies":[{"name":"wp","href":"https:\/\/api.w.org\/{rel}","templated":true}]}}