{"id":380,"date":"2019-03-29T11:20:42","date_gmt":"2019-03-29T11:20:42","guid":{"rendered":"https:\/\/fornit.pl\/?page_id=380"},"modified":"2019-03-29T11:20:42","modified_gmt":"2019-03-29T11:20:42","slug":"montaz","status":"publish","type":"page","link":"https:\/\/wojt.you2.pl\/index.php\/technologie\/montaz\/","title":{"rendered":"Monta\u017c"},"content":{"rendered":"<p>[vc_row full_width=&quot;stretch_row&quot; full_height=&quot;yes&quot; bg_type=&quot;image&quot; parallax_style=&quot;vcpb-default&quot; bg_image_new=&quot;id^345|url^https:\/\/wojt.you2.pl\/wp-content\/uploads\/2019\/03\/pojektowani-mebli.jpg|caption^null|alt^null|title^pojektowani-mebli|description^null&quot; bg_image_repeat=&quot;no-repeat&quot;][vc_column][vc_custom_heading source=&quot;post_title&quot; font_container=&quot;tag:h1|text_align:left|color:%23ffffff&quot; use_theme_fonts=&quot;yes&quot; link=&quot;|||&quot; css=&quot;.vc_custom_1553854451933{padding-top: 20px !important;padding-right: 15px !important;padding-bottom: 20px !important;padding-left: 15px !important;background-color: rgba(37,51,112,0.9) !important;*background-color: rgb(37,51,112) !important;}&quot; el_class=&quot;naglowek&quot;][\/vc_column][\/vc_row][vc_row][vc_column][vc_column_text css=&quot;.vc_custom_1553858422369{padding-top: 100px !important;padding-bottom: 100px !important;}&quot;]<\/p>\n<h3 style=\"text-align: left;\">Na podstawie dostarczonych materia\u0142\u00f3w, takich jak rysunki odr\u0119czne, renderingi lub opis, opracowujemy projekt wykonawczy (warsztatowy). W trakcie naszej pracy korzystamy z zaawansowanych narz\u0119dzi programistycznych, kt\u00f3re operuj\u0105 na przestrzennych modelach zastosowanych element\u00f3w sk\u0142adowych oraz uwzgl\u0119dniaj\u0105 stosowane technologie.<\/h3>\n<p>[\/vc_column_text][vc_row_inner][vc_column_inner][vc_single_image image=&#8221;297&#8243; img_size=&#8221;full&#8221; alignment=&#8221;center&#8221;][\/vc_column_inner][\/vc_row_inner][\/vc_column][\/vc_row][vc_row css=&#8221;.vc_custom_1553854884476{margin-top: 120px !important;}&#8221;][vc_column][vc_raw_html]JTNDaWZyYW1lJTIwd2lkdGglM0QlMjIxMjAwJTIyJTIwaGVpZ2h0JTNEJTIyNjc1JTIyJTIwc3JjJTNEJTIyaHR0cHMlM0ElMkYlMkZ3d3cueW91dHViZS5jb20lMkZlbWJlZCUyRjA5ZDBIWGF4TFdJJTIyJTIwdGl0bGUlM0QlMjJZb3VUdWJlJTIwdmlkZW8lMjBwbGF5ZXIlMjIlMjBmcmFtZWJvcmRlciUzRCUyMjAlMjIlMjBhbGxvdyUzRCUyMmFjY2VsZXJvbWV0ZXIlM0IlMjBhdXRvcGxheSUzQiUyMGNsaXBib2FyZC13cml0ZSUzQiUyMGVuY3J5cHRlZC1tZWRpYSUzQiUyMGd5cm9zY29wZSUzQiUyMHBpY3R1cmUtaW4tcGljdHVyZSUyMiUyMGFsbG93ZnVsbHNjcmVlbiUzRSUzQyUyRmlmcmFtZSUzRQ==[\/vc_raw_html][\/vc_column][\/vc_row]<\/p>\n","protected":false},"excerpt":{"rendered":"<p>[vc_row full_width=&quot;stretch_row&quot; full_height=&quot;yes&quot; bg_type=&quot;image&quot; parallax_style=&quot;vcpb-default&quot; bg_image_new=&quot;id^345|url^https:\/\/wojt.you2.pl\/wp-content\/uploads\/2019\/03\/pojektowani-mebli.jpg|caption^null|alt^null|title^pojektowani-mebli|description^null&quot; bg_image_repeat=&quot;no-repeat&quot;][vc_column][vc_custom_heading source=&quot;post_title&quot; font_container=&quot;tag:h1|text_align:left|color:%23ffffff&quot; use_theme_fonts=&quot;yes&quot; link=&quot;|||&quot; css=&quot;.vc_custom_1553854451933{padding-top: 20px !important;padding-right: 15px !important;padding-bottom: 20px !important;padding-left: 15px !important;background-color: rgba(37,51,112,0.9) !important;*background-color: rgb(37,51,112) !important;}&quot; el_class=&quot;naglowek&quot;][\/vc_column][\/vc_row][vc_row][vc_column][vc_column_text css=&quot;.vc_custom_1553858422369{padding-top: 100px !important;padding-bottom: 100px !important;}&quot;] Na podstawie dostarczonych materia\u0142\u00f3w, takich jak rysunki odr\u0119czne, renderingi lub opis, opracowujemy projekt wykonawczy (warsztatowy). W trakcie naszej pracy korzystamy z zaawansowanych narz\u0119dzi programistycznych, kt\u00f3re&hellip;<\/p>\n","protected":false},"author":2,"featured_media":0,"parent":103,"menu_order":0,"comment_status":"closed","ping_status":"closed","template":"","meta":{"footnotes":""},"class_list":["post-380","page","type-page","status-publish","hentry","description-off"],"_links":{"self":[{"href":"https:\/\/wojt.you2.pl\/index.php\/wp-json\/wp\/v2\/pages\/380","targetHints":{"allow":["GET"]}}],"collection":[{"href":"https:\/\/wojt.you2.pl\/index.php\/wp-json\/wp\/v2\/pages"}],"about":[{"href":"https:\/\/wojt.you2.pl\/index.php\/wp-json\/wp\/v2\/types\/page"}],"author":[{"embeddable":true,"href":"https:\/\/wojt.you2.pl\/index.php\/wp-json\/wp\/v2\/users\/2"}],"replies":[{"embeddable":true,"href":"https:\/\/wojt.you2.pl\/index.php\/wp-json\/wp\/v2\/comments?post=380"}],"version-history":[{"count":0,"href":"https:\/\/wojt.you2.pl\/index.php\/wp-json\/wp\/v2\/pages\/380\/revisions"}],"up":[{"embeddable":true,"href":"https:\/\/wojt.you2.pl\/index.php\/wp-json\/wp\/v2\/pages\/103"}],"wp:attachment":[{"href":"https:\/\/wojt.you2.pl\/index.php\/wp-json\/wp\/v2\/media?parent=380"}],"curies":[{"name":"wp","href":"https:\/\/api.w.org\/{rel}","templated":true}]}}